{"id":456,"date":"2024-06-14T15:34:33","date_gmt":"2024-06-14T13:34:33","guid":{"rendered":"https:\/\/www.chailesmauvaisgarcons.fr\/?post_type=product&#038;p=456"},"modified":"2026-01-24T09:00:16","modified_gmt":"2026-01-24T08:00:16","slug":"aphromauzac-2022","status":"publish","type":"product","link":"https:\/\/www.chailesmauvaisgarcons.fr\/index.php\/produit\/aphromauzac-2022\/","title":{"rendered":"AphroMauzac 2022"},"content":{"rendered":"<p>Mauzac 2022<\/p>\n<p>So2 total &lt; 10 mg\/l<\/p>\n<p>Levures indig\u00e8nes<\/p>\n<p>Non filtr\u00e9, non coll\u00e9<\/p>\n","protected":false},"excerpt":{"rendered":"<p>Mauzac 2022 So2 total &lt; 10 mg\/l Levures indig\u00e8nes Non filtr\u00e9, non coll\u00e9<\/p>\n","protected":false},"featured_media":457,"template":"","meta":[],"product_cat":[20],"product_tag":[],"class_list":{"0":"post-456","1":"product","2":"type-product","3":"status-publish","4":"has-post-thumbnail","6":"product_cat-blancs","8":"first","9":"instock","10":"taxable","11":"shipping-taxable","12":"purchasable","13":"product-type-simple"},"yoast_head":"<!-- This site is optimized with the Yoast SEO plugin v22.2 - https:\/\/yoast.com\/wordpress\/plugins\/seo\/ -->\n<title>AphroMauzac 2022 - Chai les Mauvais Gar\u00e7ons<\/title>\n<meta name=\"robots\" content=\"index, follow, max-snippet:-1, max-image-preview:large, max-video-preview:-1\" \/>\n<link rel=\"canonical\" href=\"https:\/\/www.chailesmauvaisgarcons.fr\/index.php\/produit\/aphromauzac-2022\/\" \/>\n<meta property=\"og:locale\" content=\"en_US\" \/>\n<meta property=\"og:type\" content=\"article\" \/>\n<meta property=\"og:title\" content=\"AphroMauzac 2022 - Chai les Mauvais Gar\u00e7ons\" \/>\n<meta property=\"og:description\" content=\"Mauzac 2022 So2 total &lt; 10 mg\/l Levures indig\u00e8nes Non filtr\u00e9, non coll\u00e9\" \/>\n<meta property=\"og:url\" content=\"https:\/\/www.chailesmauvaisgarcons.fr\/index.php\/produit\/aphromauzac-2022\/\" \/>\n<meta property=\"og:site_name\" content=\"Chai les Mauvais Gar\u00e7ons\" \/>\n<meta property=\"article:modified_time\" content=\"2026-01-24T08:00:16+00:00\" \/>\n<meta property=\"og:image\" content=\"http:\/\/www.chailesmauvaisgarcons.fr\/wp-content\/uploads\/2024\/06\/Aphrominiature.jpg\" \/>\n\t<meta property=\"og:image:width\" content=\"591\" \/>\n\t<meta property=\"og:image:height\" content=\"401\" \/>\n\t<meta property=\"og:image:type\" content=\"image\/jpeg\" \/>\n<meta name=\"twitter:card\" content=\"summary_large_image\" \/>\n<meta name=\"twitter:label1\" content=\"Est. reading time\" \/>\n\t<meta name=\"twitter:data1\" content=\"1 minute\" \/>\n<script type=\"application\/ld+json\" class=\"yoast-schema-graph\">{\"@context\":\"https:\/\/schema.org\",\"@graph\":[{\"@type\":\"WebPage\",\"@id\":\"https:\/\/www.chailesmauvaisgarcons.fr\/index.php\/produit\/aphromauzac-2022\/\",\"url\":\"https:\/\/www.chailesmauvaisgarcons.fr\/index.php\/produit\/aphromauzac-2022\/\",\"name\":\"AphroMauzac 2022 - Chai les Mauvais Gar\u00e7ons\",\"isPartOf\":{\"@id\":\"https:\/\/www.chailesmauvaisgarcons.fr\/#website\"},\"primaryImageOfPage\":{\"@id\":\"https:\/\/www.chailesmauvaisgarcons.fr\/index.php\/produit\/aphromauzac-2022\/#primaryimage\"},\"image\":{\"@id\":\"https:\/\/www.chailesmauvaisgarcons.fr\/index.php\/produit\/aphromauzac-2022\/#primaryimage\"},\"thumbnailUrl\":\"https:\/\/www.chailesmauvaisgarcons.fr\/wp-content\/uploads\/2024\/06\/Aphrominiature.jpg\",\"datePublished\":\"2024-06-14T13:34:33+00:00\",\"dateModified\":\"2026-01-24T08:00:16+00:00\",\"breadcrumb\":{\"@id\":\"https:\/\/www.chailesmauvaisgarcons.fr\/index.php\/produit\/aphromauzac-2022\/#breadcrumb\"},\"inLanguage\":\"en-US\",\"potentialAction\":[{\"@type\":\"ReadAction\",\"target\":[\"https:\/\/www.chailesmauvaisgarcons.fr\/index.php\/produit\/aphromauzac-2022\/\"]}]},{\"@type\":\"ImageObject\",\"inLanguage\":\"en-US\",\"@id\":\"https:\/\/www.chailesmauvaisgarcons.fr\/index.php\/produit\/aphromauzac-2022\/#primaryimage\",\"url\":\"https:\/\/www.chailesmauvaisgarcons.fr\/wp-content\/uploads\/2024\/06\/Aphrominiature.jpg\",\"contentUrl\":\"https:\/\/www.chailesmauvaisgarcons.fr\/wp-content\/uploads\/2024\/06\/Aphrominiature.jpg\",\"width\":591,\"height\":401,\"caption\":\"Mauzac Nature Gaillac Tarn\"},{\"@type\":\"BreadcrumbList\",\"@id\":\"https:\/\/www.chailesmauvaisgarcons.fr\/index.php\/produit\/aphromauzac-2022\/#breadcrumb\",\"itemListElement\":[{\"@type\":\"ListItem\",\"position\":1,\"name\":\"Accueil\",\"item\":\"https:\/\/www.chailesmauvaisgarcons.fr\/\"},{\"@type\":\"ListItem\",\"position\":2,\"name\":\"Nos vins\",\"item\":\"https:\/\/www.chailesmauvaisgarcons.fr\/\"},{\"@type\":\"ListItem\",\"position\":3,\"name\":\"AphroMauzac 2022\"}]},{\"@type\":\"WebSite\",\"@id\":\"https:\/\/www.chailesmauvaisgarcons.fr\/#website\",\"url\":\"https:\/\/www.chailesmauvaisgarcons.fr\/\",\"name\":\"Chai les Mauvais Gar\u00e7ons - Vin Nature et Agriculture Biologique \u00e0 Gaillac dans le Tarn.\",\"description\":\"Florian Houard et Romaric Pouliquen\",\"potentialAction\":[{\"@type\":\"SearchAction\",\"target\":{\"@type\":\"EntryPoint\",\"urlTemplate\":\"https:\/\/www.chailesmauvaisgarcons.fr\/?s={search_term_string}\"},\"query-input\":\"required name=search_term_string\"}],\"inLanguage\":\"en-US\"}]}<\/script>\n<!-- \/ Yoast SEO plugin. -->","yoast_head_json":{"title":"AphroMauzac 2022 - Chai les Mauvais Gar\u00e7ons","robots":{"index":"index","follow":"follow","max-snippet":"max-snippet:-1","max-image-preview":"max-image-preview:large","max-video-preview":"max-video-preview:-1"},"canonical":"https:\/\/www.chailesmauvaisgarcons.fr\/index.php\/produit\/aphromauzac-2022\/","og_locale":"en_US","og_type":"article","og_title":"AphroMauzac 2022 - Chai les Mauvais Gar\u00e7ons","og_description":"Mauzac 2022 So2 total &lt; 10 mg\/l Levures indig\u00e8nes Non filtr\u00e9, non coll\u00e9","og_url":"https:\/\/www.chailesmauvaisgarcons.fr\/index.php\/produit\/aphromauzac-2022\/","og_site_name":"Chai les Mauvais Gar\u00e7ons","article_modified_time":"2026-01-24T08:00:16+00:00","og_image":[{"width":591,"height":401,"url":"http:\/\/www.chailesmauvaisgarcons.fr\/wp-content\/uploads\/2024\/06\/Aphrominiature.jpg","type":"image\/jpeg"}],"twitter_card":"summary_large_image","twitter_misc":{"Est. reading time":"1 minute"},"schema":{"@context":"https:\/\/schema.org","@graph":[{"@type":"WebPage","@id":"https:\/\/www.chailesmauvaisgarcons.fr\/index.php\/produit\/aphromauzac-2022\/","url":"https:\/\/www.chailesmauvaisgarcons.fr\/index.php\/produit\/aphromauzac-2022\/","name":"AphroMauzac 2022 - Chai les Mauvais Gar\u00e7ons","isPartOf":{"@id":"https:\/\/www.chailesmauvaisgarcons.fr\/#website"},"primaryImageOfPage":{"@id":"https:\/\/www.chailesmauvaisgarcons.fr\/index.php\/produit\/aphromauzac-2022\/#primaryimage"},"image":{"@id":"https:\/\/www.chailesmauvaisgarcons.fr\/index.php\/produit\/aphromauzac-2022\/#primaryimage"},"thumbnailUrl":"https:\/\/www.chailesmauvaisgarcons.fr\/wp-content\/uploads\/2024\/06\/Aphrominiature.jpg","datePublished":"2024-06-14T13:34:33+00:00","dateModified":"2026-01-24T08:00:16+00:00","breadcrumb":{"@id":"https:\/\/www.chailesmauvaisgarcons.fr\/index.php\/produit\/aphromauzac-2022\/#breadcrumb"},"inLanguage":"en-US","potentialAction":[{"@type":"ReadAction","target":["https:\/\/www.chailesmauvaisgarcons.fr\/index.php\/produit\/aphromauzac-2022\/"]}]},{"@type":"ImageObject","inLanguage":"en-US","@id":"https:\/\/www.chailesmauvaisgarcons.fr\/index.php\/produit\/aphromauzac-2022\/#primaryimage","url":"https:\/\/www.chailesmauvaisgarcons.fr\/wp-content\/uploads\/2024\/06\/Aphrominiature.jpg","contentUrl":"https:\/\/www.chailesmauvaisgarcons.fr\/wp-content\/uploads\/2024\/06\/Aphrominiature.jpg","width":591,"height":401,"caption":"Mauzac Nature Gaillac Tarn"},{"@type":"BreadcrumbList","@id":"https:\/\/www.chailesmauvaisgarcons.fr\/index.php\/produit\/aphromauzac-2022\/#breadcrumb","itemListElement":[{"@type":"ListItem","position":1,"name":"Accueil","item":"https:\/\/www.chailesmauvaisgarcons.fr\/"},{"@type":"ListItem","position":2,"name":"Nos vins","item":"https:\/\/www.chailesmauvaisgarcons.fr\/"},{"@type":"ListItem","position":3,"name":"AphroMauzac 2022"}]},{"@type":"WebSite","@id":"https:\/\/www.chailesmauvaisgarcons.fr\/#website","url":"https:\/\/www.chailesmauvaisgarcons.fr\/","name":"Chai les Mauvais Gar\u00e7ons - Vin Nature et Agriculture Biologique \u00e0 Gaillac dans le Tarn.","description":"Florian Houard et Romaric Pouliquen","potentialAction":[{"@type":"SearchAction","target":{"@type":"EntryPoint","urlTemplate":"https:\/\/www.chailesmauvaisgarcons.fr\/?s={search_term_string}"},"query-input":"required name=search_term_string"}],"inLanguage":"en-US"}]}},"_links":{"self":[{"href":"https:\/\/www.chailesmauvaisgarcons.fr\/index.php\/wp-json\/wp\/v2\/product\/456","targetHints":{"allow":["GET"]}}],"collection":[{"href":"https:\/\/www.chailesmauvaisgarcons.fr\/index.php\/wp-json\/wp\/v2\/product"}],"about":[{"href":"https:\/\/www.chailesmauvaisgarcons.fr\/index.php\/wp-json\/wp\/v2\/types\/product"}],"wp:featuredmedia":[{"embeddable":true,"href":"https:\/\/www.chailesmauvaisgarcons.fr\/index.php\/wp-json\/wp\/v2\/media\/457"}],"wp:attachment":[{"href":"https:\/\/www.chailesmauvaisgarcons.fr\/index.php\/wp-json\/wp\/v2\/media?parent=456"}],"wp:term":[{"taxonomy":"product_cat","embeddable":true,"href":"https:\/\/www.chailesmauvaisgarcons.fr\/index.php\/wp-json\/wp\/v2\/product_cat?post=456"},{"taxonomy":"product_tag","embeddable":true,"href":"https:\/\/www.chailesmauvaisgarcons.fr\/index.php\/wp-json\/wp\/v2\/product_tag?post=456"}],"curies":[{"name":"wp","href":"https:\/\/api.w.org\/{rel}","templated":true}]}}