{"id":39,"date":"2024-02-15T19:22:37","date_gmt":"2024-02-15T18:22:37","guid":{"rendered":"https:\/\/www.chailesmauvaisgarcons.fr\/?post_type=product&#038;p=39"},"modified":"2025-01-21T10:10:34","modified_gmt":"2025-01-21T09:10:34","slug":"super-bubble-2022","status":"publish","type":"product","link":"https:\/\/www.chailesmauvaisgarcons.fr\/index.php\/produit\/super-bubble-2022\/","title":{"rendered":"Super Bubble 2023"},"content":{"rendered":"<p>P\u00e9tillant Naturel Mauzac<\/p>\n<ul>\n<li>M\u00e9thode Ancestrale<\/li>\n<li>Levures indig\u00e8nes<\/li>\n<li>d\u00e9gorg\u00e9 \u00e0 la main<\/li>\n<li>non filtr\u00e9, non coll\u00e9<\/li>\n<\/ul>\n<p>&nbsp;<\/p>\n","protected":false},"excerpt":{"rendered":"<p>P\u00e9tillant Naturel Mauzac M\u00e9thode Ancestrale Levures indig\u00e8nes d\u00e9gorg\u00e9 \u00e0 la main non filtr\u00e9, non coll\u00e9 &nbsp;<\/p>\n","protected":false},"featured_media":567,"template":"","meta":[],"product_cat":[21],"product_tag":[],"class_list":{"0":"post-39","1":"product","2":"type-product","3":"status-publish","4":"has-post-thumbnail","6":"product_cat-bulles","8":"first","9":"instock","10":"taxable","11":"shipping-taxable","12":"purchasable","13":"product-type-simple"},"yoast_head":"<!-- This site is optimized with the Yoast SEO plugin v22.2 - https:\/\/yoast.com\/wordpress\/plugins\/seo\/ -->\n<title>Super Bubble 2023 - Chai les Mauvais Gar\u00e7ons<\/title>\n<meta name=\"robots\" content=\"index, follow, max-snippet:-1, max-image-preview:large, max-video-preview:-1\" \/>\n<link rel=\"canonical\" href=\"https:\/\/www.chailesmauvaisgarcons.fr\/index.php\/produit\/super-bubble-2022\/\" \/>\n<meta property=\"og:locale\" content=\"en_US\" \/>\n<meta property=\"og:type\" content=\"article\" \/>\n<meta property=\"og:title\" content=\"Super Bubble 2023 - Chai les Mauvais Gar\u00e7ons\" \/>\n<meta property=\"og:description\" content=\"P\u00e9tillant Naturel Mauzac M\u00e9thode Ancestrale Levures indig\u00e8nes d\u00e9gorg\u00e9 \u00e0 la main non filtr\u00e9, non coll\u00e9 &nbsp;\" \/>\n<meta property=\"og:url\" content=\"https:\/\/www.chailesmauvaisgarcons.fr\/index.php\/produit\/super-bubble-2022\/\" \/>\n<meta property=\"og:site_name\" content=\"Chai les Mauvais Gar\u00e7ons\" \/>\n<meta property=\"article:modified_time\" content=\"2025-01-21T09:10:34+00:00\" \/>\n<meta property=\"og:image\" content=\"https:\/\/www.chailesmauvaisgarcons.fr\/wp-content\/uploads\/2024\/02\/bulles_2_numero-1.jpg\" \/>\n\t<meta property=\"og:image:width\" content=\"1252\" \/>\n\t<meta property=\"og:image:height\" content=\"1252\" \/>\n\t<meta property=\"og:image:type\" content=\"image\/jpeg\" \/>\n<meta name=\"twitter:card\" content=\"summary_large_image\" \/>\n<meta name=\"twitter:label1\" content=\"Est. reading time\" \/>\n\t<meta name=\"twitter:data1\" content=\"1 minute\" \/>\n<script type=\"application\/ld+json\" class=\"yoast-schema-graph\">{\"@context\":\"https:\/\/schema.org\",\"@graph\":[{\"@type\":\"WebPage\",\"@id\":\"https:\/\/www.chailesmauvaisgarcons.fr\/index.php\/produit\/super-bubble-2022\/\",\"url\":\"https:\/\/www.chailesmauvaisgarcons.fr\/index.php\/produit\/super-bubble-2022\/\",\"name\":\"Super Bubble 2023 - Chai les Mauvais Gar\u00e7ons\",\"isPartOf\":{\"@id\":\"https:\/\/www.chailesmauvaisgarcons.fr\/#website\"},\"primaryImageOfPage\":{\"@id\":\"https:\/\/www.chailesmauvaisgarcons.fr\/index.php\/produit\/super-bubble-2022\/#primaryimage\"},\"image\":{\"@id\":\"https:\/\/www.chailesmauvaisgarcons.fr\/index.php\/produit\/super-bubble-2022\/#primaryimage\"},\"thumbnailUrl\":\"https:\/\/www.chailesmauvaisgarcons.fr\/wp-content\/uploads\/2024\/02\/bulles_2_numero-1.jpg\",\"datePublished\":\"2024-02-15T18:22:37+00:00\",\"dateModified\":\"2025-01-21T09:10:34+00:00\",\"breadcrumb\":{\"@id\":\"https:\/\/www.chailesmauvaisgarcons.fr\/index.php\/produit\/super-bubble-2022\/#breadcrumb\"},\"inLanguage\":\"en-US\",\"potentialAction\":[{\"@type\":\"ReadAction\",\"target\":[\"https:\/\/www.chailesmauvaisgarcons.fr\/index.php\/produit\/super-bubble-2022\/\"]}]},{\"@type\":\"ImageObject\",\"inLanguage\":\"en-US\",\"@id\":\"https:\/\/www.chailesmauvaisgarcons.fr\/index.php\/produit\/super-bubble-2022\/#primaryimage\",\"url\":\"https:\/\/www.chailesmauvaisgarcons.fr\/wp-content\/uploads\/2024\/02\/bulles_2_numero-1.jpg\",\"contentUrl\":\"https:\/\/www.chailesmauvaisgarcons.fr\/wp-content\/uploads\/2024\/02\/bulles_2_numero-1.jpg\",\"width\":1252,\"height\":1252},{\"@type\":\"BreadcrumbList\",\"@id\":\"https:\/\/www.chailesmauvaisgarcons.fr\/index.php\/produit\/super-bubble-2022\/#breadcrumb\",\"itemListElement\":[{\"@type\":\"ListItem\",\"position\":1,\"name\":\"Accueil\",\"item\":\"https:\/\/www.chailesmauvaisgarcons.fr\/\"},{\"@type\":\"ListItem\",\"position\":2,\"name\":\"Nos vins\",\"item\":\"https:\/\/www.chailesmauvaisgarcons.fr\/\"},{\"@type\":\"ListItem\",\"position\":3,\"name\":\"Super Bubble 2023\"}]},{\"@type\":\"WebSite\",\"@id\":\"https:\/\/www.chailesmauvaisgarcons.fr\/#website\",\"url\":\"https:\/\/www.chailesmauvaisgarcons.fr\/\",\"name\":\"Chai les Mauvais Gar\u00e7ons - Vin Nature et Agriculture Biologique \u00e0 Gaillac dans le Tarn.\",\"description\":\"Florian Houard et Romaric Pouliquen\",\"potentialAction\":[{\"@type\":\"SearchAction\",\"target\":{\"@type\":\"EntryPoint\",\"urlTemplate\":\"https:\/\/www.chailesmauvaisgarcons.fr\/?s={search_term_string}\"},\"query-input\":\"required name=search_term_string\"}],\"inLanguage\":\"en-US\"}]}<\/script>\n<!-- \/ Yoast SEO plugin. -->","yoast_head_json":{"title":"Super Bubble 2023 - Chai les Mauvais Gar\u00e7ons","robots":{"index":"index","follow":"follow","max-snippet":"max-snippet:-1","max-image-preview":"max-image-preview:large","max-video-preview":"max-video-preview:-1"},"canonical":"https:\/\/www.chailesmauvaisgarcons.fr\/index.php\/produit\/super-bubble-2022\/","og_locale":"en_US","og_type":"article","og_title":"Super Bubble 2023 - Chai les Mauvais Gar\u00e7ons","og_description":"P\u00e9tillant Naturel Mauzac M\u00e9thode Ancestrale Levures indig\u00e8nes d\u00e9gorg\u00e9 \u00e0 la main non filtr\u00e9, non coll\u00e9 &nbsp;","og_url":"https:\/\/www.chailesmauvaisgarcons.fr\/index.php\/produit\/super-bubble-2022\/","og_site_name":"Chai les Mauvais Gar\u00e7ons","article_modified_time":"2025-01-21T09:10:34+00:00","og_image":[{"width":1252,"height":1252,"url":"https:\/\/www.chailesmauvaisgarcons.fr\/wp-content\/uploads\/2024\/02\/bulles_2_numero-1.jpg","type":"image\/jpeg"}],"twitter_card":"summary_large_image","twitter_misc":{"Est. reading time":"1 minute"},"schema":{"@context":"https:\/\/schema.org","@graph":[{"@type":"WebPage","@id":"https:\/\/www.chailesmauvaisgarcons.fr\/index.php\/produit\/super-bubble-2022\/","url":"https:\/\/www.chailesmauvaisgarcons.fr\/index.php\/produit\/super-bubble-2022\/","name":"Super Bubble 2023 - Chai les Mauvais Gar\u00e7ons","isPartOf":{"@id":"https:\/\/www.chailesmauvaisgarcons.fr\/#website"},"primaryImageOfPage":{"@id":"https:\/\/www.chailesmauvaisgarcons.fr\/index.php\/produit\/super-bubble-2022\/#primaryimage"},"image":{"@id":"https:\/\/www.chailesmauvaisgarcons.fr\/index.php\/produit\/super-bubble-2022\/#primaryimage"},"thumbnailUrl":"https:\/\/www.chailesmauvaisgarcons.fr\/wp-content\/uploads\/2024\/02\/bulles_2_numero-1.jpg","datePublished":"2024-02-15T18:22:37+00:00","dateModified":"2025-01-21T09:10:34+00:00","breadcrumb":{"@id":"https:\/\/www.chailesmauvaisgarcons.fr\/index.php\/produit\/super-bubble-2022\/#breadcrumb"},"inLanguage":"en-US","potentialAction":[{"@type":"ReadAction","target":["https:\/\/www.chailesmauvaisgarcons.fr\/index.php\/produit\/super-bubble-2022\/"]}]},{"@type":"ImageObject","inLanguage":"en-US","@id":"https:\/\/www.chailesmauvaisgarcons.fr\/index.php\/produit\/super-bubble-2022\/#primaryimage","url":"https:\/\/www.chailesmauvaisgarcons.fr\/wp-content\/uploads\/2024\/02\/bulles_2_numero-1.jpg","contentUrl":"https:\/\/www.chailesmauvaisgarcons.fr\/wp-content\/uploads\/2024\/02\/bulles_2_numero-1.jpg","width":1252,"height":1252},{"@type":"BreadcrumbList","@id":"https:\/\/www.chailesmauvaisgarcons.fr\/index.php\/produit\/super-bubble-2022\/#breadcrumb","itemListElement":[{"@type":"ListItem","position":1,"name":"Accueil","item":"https:\/\/www.chailesmauvaisgarcons.fr\/"},{"@type":"ListItem","position":2,"name":"Nos vins","item":"https:\/\/www.chailesmauvaisgarcons.fr\/"},{"@type":"ListItem","position":3,"name":"Super Bubble 2023"}]},{"@type":"WebSite","@id":"https:\/\/www.chailesmauvaisgarcons.fr\/#website","url":"https:\/\/www.chailesmauvaisgarcons.fr\/","name":"Chai les Mauvais Gar\u00e7ons - Vin Nature et Agriculture Biologique \u00e0 Gaillac dans le Tarn.","description":"Florian Houard et Romaric Pouliquen","potentialAction":[{"@type":"SearchAction","target":{"@type":"EntryPoint","urlTemplate":"https:\/\/www.chailesmauvaisgarcons.fr\/?s={search_term_string}"},"query-input":"required name=search_term_string"}],"inLanguage":"en-US"}]}},"_links":{"self":[{"href":"https:\/\/www.chailesmauvaisgarcons.fr\/index.php\/wp-json\/wp\/v2\/product\/39","targetHints":{"allow":["GET"]}}],"collection":[{"href":"https:\/\/www.chailesmauvaisgarcons.fr\/index.php\/wp-json\/wp\/v2\/product"}],"about":[{"href":"https:\/\/www.chailesmauvaisgarcons.fr\/index.php\/wp-json\/wp\/v2\/types\/product"}],"wp:featuredmedia":[{"embeddable":true,"href":"https:\/\/www.chailesmauvaisgarcons.fr\/index.php\/wp-json\/wp\/v2\/media\/567"}],"wp:attachment":[{"href":"https:\/\/www.chailesmauvaisgarcons.fr\/index.php\/wp-json\/wp\/v2\/media?parent=39"}],"wp:term":[{"taxonomy":"product_cat","embeddable":true,"href":"https:\/\/www.chailesmauvaisgarcons.fr\/index.php\/wp-json\/wp\/v2\/product_cat?post=39"},{"taxonomy":"product_tag","embeddable":true,"href":"https:\/\/www.chailesmauvaisgarcons.fr\/index.php\/wp-json\/wp\/v2\/product_tag?post=39"}],"curies":[{"name":"wp","href":"https:\/\/api.w.org\/{rel}","templated":true}]}}