{"id":517,"date":"2024-08-21T15:03:00","date_gmt":"2024-08-21T13:03:00","guid":{"rendered":"https:\/\/www.chailesmauvaisgarcons.fr\/?page_id=517"},"modified":"2024-10-17T12:48:42","modified_gmt":"2024-10-17T10:48:42","slug":"notre-histoire","status":"publish","type":"page","link":"https:\/\/www.chailesmauvaisgarcons.fr\/index.php\/notre-histoire\/","title":{"rendered":"Notre histoire"},"content":{"rendered":"\n<p>C&#8217;est en 2018 que nous nous lan\u00e7ons dans l&#8217;aventure viticole, \u00e0 Cahuzac-sur-V\u00e8re. Pour s&#8217;amuser au d\u00e9but, sans vraiment savoir o\u00f9 nous allions, pour faire du vin, pour boire un coup, pour partager avec les amis, pour \u00eatre \u00e0 l&#8217;ext\u00e9rieur, pour se sentir libre, pour se d\u00e9penser, pour discuter, pour \u00e9changer et pour boire encore un coup&#8230;<\/p>\n\n\n\n<p>Des vignes sur plusieurs communes, Cahuzac-sur-V\u00e8re, Gaillac, Montans, Busques. Du Mauzac, du Braucol, du Duras, du Prunelard, nous enchainons les exp\u00e9riences, les cuv\u00e9es, les tests, les r\u00e9ussites, les \u00e9checs. Nous apprenons toujours un peu plus \u00e0 chaque mill\u00e9sime (\u00e0 chaque mill\u00e9sime suffit sa peine).<\/p>\n\n\n\n<p>Sont ainsi n\u00e9s, le Duras Badass, le Shlag&#8217;Art, le Super Bubble, l&#8217;AphroMauzac, Bio Dynamite, Gamma Gt, BAF, \u00c9quilibre Pr\u00e9caire, Vis de forme, des cuv\u00e9es tr\u00e8s diff\u00e9rentes les unes des autres et d\u00e9j\u00e0 cultes (\u00e0 nos yeux en tout cas).<\/p>\n\n\n\n<p>De fil en aiguille, le jeu est devenu de plus en plus s\u00e9rieux, des investissements, du travail, des connaissances, des \u00e9changes, des rencontres,&nbsp; beaucoup de travail.&nbsp; L&#8217;\u00e9vidence s&#8217;ouvre finalement \u00e0 nous, voil\u00e0 notre m\u00e9tier \u00e0 pr\u00e9sent : Vignerons.<\/p>\n\n\n\n<p>Six mill\u00e9simes sont d\u00e9j\u00e0 pass\u00e9s et nous aspirons enfin \u00e0 la stabilit\u00e9, un chai &#8220;Chai les mauvais Gar\u00e7ons&#8221; \u00e0 Puybegon au Cathary un lieu de vie collectif et un fermage au domaine la Ramaye (Michel Issaly).<\/p>\n\n\n\n<p>On essaie de faire le meilleur vin que l&#8217;on peut, avec ce que l&#8217;on a et ce que l&#8217;on sait, en se respectant, respectant les autres et la nature.<\/p>\n\n\n\n<p>Et pour les curieux, c&#8217;est au lyc\u00e9e que notre amiti\u00e9 est n\u00e9e et c&#8217;est en 2011 que notre premi\u00e8re exp\u00e9rience viticole commen\u00e7a lors d&#8217;un grand tour de France des vignobles. On n&#8217;y connaissait pas grand chose, on goutait tout ce qu&#8217;on pouvait. On se rappelle encore notamment de cette cuv\u00e9e Rock&#8217;and&#8217;Roll et Clopatra chez cet italien (dont j&#8217;aimerais bien retrouver le nom). \u00c7a nous avait scotch\u00e9, et mis KO direct tous les Chateauneuf-du-Pape et crus soient disant prestigieux qu&#8217;on venait de gouter sur notre route.&nbsp;<\/p>\n\n\n\n<p>L&#8217;aventure continue ! Merci \u00e0 tous ceux qui nous ont soutenus et qui continuent de nous aider. Sans vous, nous ne serions pas arriv\u00e9s jusque l\u00e0.<\/p>\n\n\n\n<figure class=\"wp-block-gallery has-nested-images columns-default is-cropped wp-block-gallery-1 is-layout-flex wp-block-gallery-is-layout-flex\">\n<figure class=\"wp-block-image size-large\"><img decoding=\"async\" width=\"1024\" height=\"461\" data-id=\"505\" data-src=\"https:\/\/www.chailesmauvaisgarcons.fr\/wp-content\/uploads\/2024\/08\/1724072768250-1024x461.jpg\" alt=\"\" class=\"wp-image-505 lazyload\" data-srcset=\"https:\/\/www.chailesmauvaisgarcons.fr\/wp-content\/uploads\/2024\/08\/1724072768250-1024x461.jpg 1024w, https:\/\/www.chailesmauvaisgarcons.fr\/wp-content\/uploads\/2024\/08\/1724072768250-300x135.jpg 300w, https:\/\/www.chailesmauvaisgarcons.fr\/wp-content\/uploads\/2024\/08\/1724072768250-2000x900.jpg 2000w\" data-sizes=\"(max-width: 1024px) 100vw, 1024px\" src=\"data:image\/svg+xml;base64,PHN2ZyB3aWR0aD0iMSIgaGVpZ2h0PSIxIiB4bWxucz0iaHR0cDovL3d3dy53My5vcmcvMjAwMC9zdmciPjwvc3ZnPg==\" style=\"--smush-placeholder-width: 1024px; --smush-placeholder-aspect-ratio: 1024\/461;\" \/><\/figure>\n\n\n\n<figure class=\"wp-block-image size-large\"><img decoding=\"async\" width=\"1024\" height=\"461\" data-id=\"501\" data-src=\"https:\/\/www.chailesmauvaisgarcons.fr\/wp-content\/uploads\/2024\/08\/1724072766415-1024x461.jpg\" alt=\"\" class=\"wp-image-501 lazyload\" data-srcset=\"https:\/\/www.chailesmauvaisgarcons.fr\/wp-content\/uploads\/2024\/08\/1724072766415-1024x461.jpg 1024w, https:\/\/www.chailesmauvaisgarcons.fr\/wp-content\/uploads\/2024\/08\/1724072766415-300x135.jpg 300w, https:\/\/www.chailesmauvaisgarcons.fr\/wp-content\/uploads\/2024\/08\/1724072766415-2000x900.jpg 2000w\" data-sizes=\"(max-width: 1024px) 100vw, 1024px\" src=\"data:image\/svg+xml;base64,PHN2ZyB3aWR0aD0iMSIgaGVpZ2h0PSIxIiB4bWxucz0iaHR0cDovL3d3dy53My5vcmcvMjAwMC9zdmciPjwvc3ZnPg==\" style=\"--smush-placeholder-width: 1024px; --smush-placeholder-aspect-ratio: 1024\/461;\" \/><\/figure>\n\n\n\n<figure class=\"wp-block-image size-large\"><img decoding=\"async\" width=\"1024\" height=\"1024\" data-id=\"187\" data-src=\"https:\/\/www.chailesmauvaisgarcons.fr\/wp-content\/uploads\/2024\/02\/IMG_20220909_114621-1024x1024.jpg\" alt=\"\" class=\"wp-image-187 lazyload\" data-srcset=\"https:\/\/www.chailesmauvaisgarcons.fr\/wp-content\/uploads\/2024\/02\/IMG_20220909_114621-1024x1024.jpg 1024w, https:\/\/www.chailesmauvaisgarcons.fr\/wp-content\/uploads\/2024\/02\/IMG_20220909_114621-300x300.jpg 300w, https:\/\/www.chailesmauvaisgarcons.fr\/wp-content\/uploads\/2024\/02\/IMG_20220909_114621-150x150.jpg 150w, https:\/\/www.chailesmauvaisgarcons.fr\/wp-content\/uploads\/2024\/02\/IMG_20220909_114621-2000x2000.jpg 2000w\" data-sizes=\"(max-width: 1024px) 100vw, 1024px\" src=\"data:image\/svg+xml;base64,PHN2ZyB3aWR0aD0iMSIgaGVpZ2h0PSIxIiB4bWxucz0iaHR0cDovL3d3dy53My5vcmcvMjAwMC9zdmciPjwvc3ZnPg==\" style=\"--smush-placeholder-width: 1024px; --smush-placeholder-aspect-ratio: 1024\/1024;\" \/><\/figure>\n<\/figure>\n","protected":false},"excerpt":{"rendered":"<p>C&#8217;est en 2018 que nous nous lan\u00e7ons dans l&#8217;aventure viticole, \u00e0 Cahuzac-sur-V\u00e8re. Pour s&#8217;amuser au d\u00e9but, sans vraiment savoir o\u00f9 nous allions, pour faire du vin, pour boire un coup, pour partager avec les amis, pour \u00eatre \u00e0 l&#8217;ext\u00e9rieur, pour se sentir libre, pour se d\u00e9penser, pour discuter, pour \u00e9changer et pour boire encore un &hellip; <\/p>\n<p class=\"link-more\"><a href=\"https:\/\/www.chailesmauvaisgarcons.fr\/index.php\/notre-histoire\/\" class=\"more-link\">Read more<span class=\"screen-reader-text\"> &#8220;Notre histoire&#8221;<\/span><\/a><\/p>\n","protected":false},"author":1,"featured_media":0,"parent":0,"menu_order":0,"comment_status":"closed","ping_status":"closed","template":"","meta":{"footnotes":""},"class_list":["post-517","page","type-page","status-publish","hentry"],"yoast_head":"<!-- This site is optimized with the Yoast SEO plugin v22.2 - https:\/\/yoast.com\/wordpress\/plugins\/seo\/ -->\n<title>Notre histoire - Chai les Mauvais Gar\u00e7ons<\/title>\n<meta name=\"robots\" content=\"index, follow, max-snippet:-1, max-image-preview:large, max-video-preview:-1\" \/>\n<link rel=\"canonical\" href=\"http:\/\/www.chailesmauvaisgarcons.fr\/index.php\/notre-histoire\/\" \/>\n<meta property=\"og:locale\" content=\"en_US\" \/>\n<meta property=\"og:type\" content=\"article\" \/>\n<meta property=\"og:title\" content=\"Notre histoire - Chai les Mauvais Gar\u00e7ons\" \/>\n<meta property=\"og:description\" content=\"C&#8217;est en 2018 que nous nous lan\u00e7ons dans l&#8217;aventure viticole, \u00e0 Cahuzac-sur-V\u00e8re. Pour s&#8217;amuser au d\u00e9but, sans vraiment savoir o\u00f9 nous allions, pour faire du vin, pour boire un coup, pour partager avec les amis, pour \u00eatre \u00e0 l&#8217;ext\u00e9rieur, pour se sentir libre, pour se d\u00e9penser, pour discuter, pour \u00e9changer et pour boire encore un &hellip; Read more &quot;Notre histoire&quot;\" \/>\n<meta property=\"og:url\" content=\"http:\/\/www.chailesmauvaisgarcons.fr\/index.php\/notre-histoire\/\" \/>\n<meta property=\"og:site_name\" content=\"Chai les Mauvais Gar\u00e7ons\" \/>\n<meta property=\"article:modified_time\" content=\"2024-10-17T10:48:42+00:00\" \/>\n<meta property=\"og:image\" content=\"https:\/\/www.chailesmauvaisgarcons.fr\/wp-content\/uploads\/2024\/08\/1724072768250-1024x461.jpg\" \/>\n<meta name=\"twitter:card\" content=\"summary_large_image\" \/>\n<meta name=\"twitter:label1\" content=\"Est. reading time\" \/>\n\t<meta name=\"twitter:data1\" content=\"3 minutes\" \/>\n<script type=\"application\/ld+json\" class=\"yoast-schema-graph\">{\"@context\":\"https:\/\/schema.org\",\"@graph\":[{\"@type\":\"WebPage\",\"@id\":\"http:\/\/www.chailesmauvaisgarcons.fr\/index.php\/notre-histoire\/\",\"url\":\"http:\/\/www.chailesmauvaisgarcons.fr\/index.php\/notre-histoire\/\",\"name\":\"Notre histoire - Chai les Mauvais Gar\u00e7ons\",\"isPartOf\":{\"@id\":\"https:\/\/www.chailesmauvaisgarcons.fr\/#website\"},\"primaryImageOfPage\":{\"@id\":\"http:\/\/www.chailesmauvaisgarcons.fr\/index.php\/notre-histoire\/#primaryimage\"},\"image\":{\"@id\":\"http:\/\/www.chailesmauvaisgarcons.fr\/index.php\/notre-histoire\/#primaryimage\"},\"thumbnailUrl\":\"https:\/\/www.chailesmauvaisgarcons.fr\/wp-content\/uploads\/2024\/08\/1724072768250-1024x461.jpg\",\"datePublished\":\"2024-08-21T13:03:00+00:00\",\"dateModified\":\"2024-10-17T10:48:42+00:00\",\"breadcrumb\":{\"@id\":\"http:\/\/www.chailesmauvaisgarcons.fr\/index.php\/notre-histoire\/#breadcrumb\"},\"inLanguage\":\"en-US\",\"potentialAction\":[{\"@type\":\"ReadAction\",\"target\":[\"http:\/\/www.chailesmauvaisgarcons.fr\/index.php\/notre-histoire\/\"]}]},{\"@type\":\"ImageObject\",\"inLanguage\":\"en-US\",\"@id\":\"http:\/\/www.chailesmauvaisgarcons.fr\/index.php\/notre-histoire\/#primaryimage\",\"url\":\"https:\/\/www.chailesmauvaisgarcons.fr\/wp-content\/uploads\/2024\/08\/1724072768250-scaled.jpg\",\"contentUrl\":\"https:\/\/www.chailesmauvaisgarcons.fr\/wp-content\/uploads\/2024\/08\/1724072768250-scaled.jpg\",\"width\":2560,\"height\":1152},{\"@type\":\"BreadcrumbList\",\"@id\":\"http:\/\/www.chailesmauvaisgarcons.fr\/index.php\/notre-histoire\/#breadcrumb\",\"itemListElement\":[{\"@type\":\"ListItem\",\"position\":1,\"name\":\"Accueil\",\"item\":\"https:\/\/www.chailesmauvaisgarcons.fr\/\"},{\"@type\":\"ListItem\",\"position\":2,\"name\":\"Notre histoire\"}]},{\"@type\":\"WebSite\",\"@id\":\"https:\/\/www.chailesmauvaisgarcons.fr\/#website\",\"url\":\"https:\/\/www.chailesmauvaisgarcons.fr\/\",\"name\":\"Chai les Mauvais Gar\u00e7ons - Vin Nature et Agriculture Biologique \u00e0 Gaillac dans le Tarn.\",\"description\":\"Florian Houard et Romaric Pouliquen\",\"potentialAction\":[{\"@type\":\"SearchAction\",\"target\":{\"@type\":\"EntryPoint\",\"urlTemplate\":\"https:\/\/www.chailesmauvaisgarcons.fr\/?s={search_term_string}\"},\"query-input\":\"required name=search_term_string\"}],\"inLanguage\":\"en-US\"}]}<\/script>\n<!-- \/ Yoast SEO plugin. -->","yoast_head_json":{"title":"Notre histoire - Chai les Mauvais Gar\u00e7ons","robots":{"index":"index","follow":"follow","max-snippet":"max-snippet:-1","max-image-preview":"max-image-preview:large","max-video-preview":"max-video-preview:-1"},"canonical":"http:\/\/www.chailesmauvaisgarcons.fr\/index.php\/notre-histoire\/","og_locale":"en_US","og_type":"article","og_title":"Notre histoire - Chai les Mauvais Gar\u00e7ons","og_description":"C&#8217;est en 2018 que nous nous lan\u00e7ons dans l&#8217;aventure viticole, \u00e0 Cahuzac-sur-V\u00e8re. Pour s&#8217;amuser au d\u00e9but, sans vraiment savoir o\u00f9 nous allions, pour faire du vin, pour boire un coup, pour partager avec les amis, pour \u00eatre \u00e0 l&#8217;ext\u00e9rieur, pour se sentir libre, pour se d\u00e9penser, pour discuter, pour \u00e9changer et pour boire encore un &hellip; Read more \"Notre histoire\"","og_url":"http:\/\/www.chailesmauvaisgarcons.fr\/index.php\/notre-histoire\/","og_site_name":"Chai les Mauvais Gar\u00e7ons","article_modified_time":"2024-10-17T10:48:42+00:00","og_image":[{"url":"https:\/\/www.chailesmauvaisgarcons.fr\/wp-content\/uploads\/2024\/08\/1724072768250-1024x461.jpg"}],"twitter_card":"summary_large_image","twitter_misc":{"Est. reading time":"3 minutes"},"schema":{"@context":"https:\/\/schema.org","@graph":[{"@type":"WebPage","@id":"http:\/\/www.chailesmauvaisgarcons.fr\/index.php\/notre-histoire\/","url":"http:\/\/www.chailesmauvaisgarcons.fr\/index.php\/notre-histoire\/","name":"Notre histoire - Chai les Mauvais Gar\u00e7ons","isPartOf":{"@id":"https:\/\/www.chailesmauvaisgarcons.fr\/#website"},"primaryImageOfPage":{"@id":"http:\/\/www.chailesmauvaisgarcons.fr\/index.php\/notre-histoire\/#primaryimage"},"image":{"@id":"http:\/\/www.chailesmauvaisgarcons.fr\/index.php\/notre-histoire\/#primaryimage"},"thumbnailUrl":"https:\/\/www.chailesmauvaisgarcons.fr\/wp-content\/uploads\/2024\/08\/1724072768250-1024x461.jpg","datePublished":"2024-08-21T13:03:00+00:00","dateModified":"2024-10-17T10:48:42+00:00","breadcrumb":{"@id":"http:\/\/www.chailesmauvaisgarcons.fr\/index.php\/notre-histoire\/#breadcrumb"},"inLanguage":"en-US","potentialAction":[{"@type":"ReadAction","target":["http:\/\/www.chailesmauvaisgarcons.fr\/index.php\/notre-histoire\/"]}]},{"@type":"ImageObject","inLanguage":"en-US","@id":"http:\/\/www.chailesmauvaisgarcons.fr\/index.php\/notre-histoire\/#primaryimage","url":"https:\/\/www.chailesmauvaisgarcons.fr\/wp-content\/uploads\/2024\/08\/1724072768250-scaled.jpg","contentUrl":"https:\/\/www.chailesmauvaisgarcons.fr\/wp-content\/uploads\/2024\/08\/1724072768250-scaled.jpg","width":2560,"height":1152},{"@type":"BreadcrumbList","@id":"http:\/\/www.chailesmauvaisgarcons.fr\/index.php\/notre-histoire\/#breadcrumb","itemListElement":[{"@type":"ListItem","position":1,"name":"Accueil","item":"https:\/\/www.chailesmauvaisgarcons.fr\/"},{"@type":"ListItem","position":2,"name":"Notre histoire"}]},{"@type":"WebSite","@id":"https:\/\/www.chailesmauvaisgarcons.fr\/#website","url":"https:\/\/www.chailesmauvaisgarcons.fr\/","name":"Chai les Mauvais Gar\u00e7ons - Vin Nature et Agriculture Biologique \u00e0 Gaillac dans le Tarn.","description":"Florian Houard et Romaric Pouliquen","potentialAction":[{"@type":"SearchAction","target":{"@type":"EntryPoint","urlTemplate":"https:\/\/www.chailesmauvaisgarcons.fr\/?s={search_term_string}"},"query-input":"required name=search_term_string"}],"inLanguage":"en-US"}]}},"_links":{"self":[{"href":"https:\/\/www.chailesmauvaisgarcons.fr\/index.php\/wp-json\/wp\/v2\/pages\/517","targetHints":{"allow":["GET"]}}],"collection":[{"href":"https:\/\/www.chailesmauvaisgarcons.fr\/index.php\/wp-json\/wp\/v2\/pages"}],"about":[{"href":"https:\/\/www.chailesmauvaisgarcons.fr\/index.php\/wp-json\/wp\/v2\/types\/page"}],"author":[{"embeddable":true,"href":"https:\/\/www.chailesmauvaisgarcons.fr\/index.php\/wp-json\/wp\/v2\/users\/1"}],"replies":[{"embeddable":true,"href":"https:\/\/www.chailesmauvaisgarcons.fr\/index.php\/wp-json\/wp\/v2\/comments?post=517"}],"version-history":[{"count":7,"href":"https:\/\/www.chailesmauvaisgarcons.fr\/index.php\/wp-json\/wp\/v2\/pages\/517\/revisions"}],"predecessor-version":[{"id":562,"href":"https:\/\/www.chailesmauvaisgarcons.fr\/index.php\/wp-json\/wp\/v2\/pages\/517\/revisions\/562"}],"wp:attachment":[{"href":"https:\/\/www.chailesmauvaisgarcons.fr\/index.php\/wp-json\/wp\/v2\/media?parent=517"}],"curies":[{"name":"wp","href":"https:\/\/api.w.org\/{rel}","templated":true}]}}